{"id":1796,"date":"2025-06-03T22:06:56","date_gmt":"2025-06-03T20:06:56","guid":{"rendered":"https:\/\/www.iluzionisti.lv\/?page_id=1796"},"modified":"2025-06-19T17:23:03","modified_gmt":"2025-06-19T15:23:03","slug":"privacy-policy-2","status":"publish","type":"page","link":"https:\/\/www.iluzionisti.lv\/en\/privacy-policy-2\/","title":{"rendered":"Privacy Policy"},"content":{"rendered":"\t\t<div data-elementor-type=\"wp-page\" data-elementor-id=\"1796\" class=\"elementor elementor-1796\" data-elementor-settings=\"[]\">\n\t\t\t\t\t\t<div class=\"elementor-inner\">\n\t\t\t\t\t\t\t<div class=\"elementor-section-wrap\">\n\t\t\t\t\t\t\t<section class=\"elementor-section elementor-top-section elementor-element elementor-element-68aa58c elementor-section-boxed elementor-section-height-default elementor-section-height-default\" data-id=\"68aa58c\" data-element_type=\"section\">\n\t\t\t\t\t\t<div class=\"elementor-container elementor-column-gap-default\">\n\t\t\t\t\t\t\t<div class=\"elementor-row\">\n\t\t\t\t\t<div class=\"elementor-column elementor-col-100 elementor-top-column elementor-element elementor-element-404a62e\" data-id=\"404a62e\" data-element_type=\"column\">\n\t\t\t<div class=\"elementor-column-wrap elementor-element-populated\">\n\t\t\t\t\t\t\t<div class=\"elementor-widget-wrap\">\n\t\t\t\t\t\t<div class=\"elementor-element elementor-element-1d22806 elementor-widget elementor-widget-text-editor\" data-id=\"1d22806\" data-element_type=\"widget\" data-widget_type=\"text-editor.default\">\n\t\t\t\t<div class=\"elementor-widget-container\">\n\t\t\t\t\t\t\t\t<div class=\"elementor-text-editor elementor-clearfix\">\n\t\t\t\t<p><span style=\"color: #1d1d1d; font-family: 'Open Sans'; font-size: 25px; font-style: normal; font-variant-ligatures: normal; font-variant-caps: normal; font-weight: 600;\">Privacy Policy<\/span><\/p><p data-start=\"258\" data-end=\"291\"><strong data-start=\"258\" data-end=\"277\">Effective Date:<\/strong> [19.06.2025.]<\/p><p data-start=\"293\" data-end=\"507\">Welcome to <strong data-start=\"304\" data-end=\"334\"><a class=\"\" href=\"https:\/\/www.iluzionisti.lv\" target=\"_new\" rel=\"noopener\" data-start=\"306\" data-end=\"332\">https:\/\/www.iluzionisti.lv<\/a><\/strong> (\u201cwe,\u201d \u201cus,\u201d or \u201cour\u201d). Your privacy is important to us. This Privacy Policy explains how we collect, use, and protect your personal information when you visit our website.<\/p><p data-start=\"509\" data-end=\"616\">By using this site, you agree to the terms of this policy. If you do not agree, please do not use the site.<\/p><hr data-start=\"618\" data-end=\"621\" \/><h3 data-start=\"623\" data-end=\"640\">1. Who We Are<\/h3><p data-start=\"642\" data-end=\"800\">Website Owner: <strong data-start=\"657\" data-end=\"687\"><a class=\"\" href=\"https:\/\/www.iluzionisti.lv\" target=\"_new\" rel=\"noopener\" data-start=\"659\" data-end=\"685\">https:\/\/www.iluzionisti.lv<\/a><\/strong><br data-start=\"687\" data-end=\"690\" \/>Contact Email: <strong data-start=\"705\" data-end=\"736\"><a class=\"cursor-pointer\" rel=\"noopener\" data-start=\"707\" data-end=\"734\">edzus.iluzionists@gmail.com<\/a><\/strong><br data-start=\"736\" data-end=\"739\" \/>Address: <strong data-start=\"748\" data-end=\"800\">M\u0101lkalnes prospekts 9 &#8211; 22, Ogre, LV5001, Latvia<\/strong><\/p><hr data-start=\"802\" data-end=\"805\" \/><h3 data-start=\"807\" data-end=\"836\">2. Information We Collect<\/h3><p data-start=\"838\" data-end=\"870\"><strong data-start=\"838\" data-end=\"868\">Personal Data You Provide:<\/strong><\/p><ul data-start=\"871\" data-end=\"971\"><li data-start=\"871\" data-end=\"971\"><p data-start=\"873\" data-end=\"971\">Name and contact information (e.g. email) submitted via contact forms, subscriptions, or bookings.<\/p><\/li><\/ul><p data-start=\"973\" data-end=\"1008\"><strong data-start=\"973\" data-end=\"1006\">Automatically Collected Data:<\/strong><\/p><ul data-start=\"1009\" data-end=\"1111\"><li data-start=\"1009\" data-end=\"1111\"><p data-start=\"1011\" data-end=\"1111\">IP address, browser type, device information, and browsing behavior via cookies and analytics tools.<\/p><\/li><\/ul><hr data-start=\"1113\" data-end=\"1116\" \/><h3 data-start=\"1118\" data-end=\"1152\">3. How We Use Your Information<\/h3><p data-start=\"1154\" data-end=\"1185\">We may use your information to:<\/p><ul><li data-start=\"1186\" data-end=\"1227\"><p data-start=\"1188\" data-end=\"1227\">Respond to your inquiries or bookings<\/p><\/li><li data-start=\"1186\" data-end=\"1227\"><p data-start=\"1188\" data-end=\"1227\">Provide services you requested<\/p><\/li><\/ul><ul><li data-start=\"1263\" data-end=\"1318\"><p data-start=\"1265\" data-end=\"1318\">Improve our website performance and user experience<\/p><\/li><li data-start=\"1319\" data-end=\"1389\"><p data-start=\"1321\" data-end=\"1389\">Send occasional updates or promotional content (only if you consent)<\/p><\/li><\/ul><hr data-start=\"1391\" data-end=\"1394\" \/><h3 data-start=\"1396\" data-end=\"1442\">4. Legal Basis for Processing (Under GDPR)<\/h3><p data-start=\"1444\" data-end=\"1508\">We only process your data when we have a legal basis, including:<\/p><ul data-start=\"1509\" data-end=\"1695\"><li data-start=\"1509\" data-end=\"1556\"><p data-start=\"1511\" data-end=\"1556\"><strong data-start=\"1511\" data-end=\"1522\">Consent<\/strong> (e.g., newsletter subscription)<\/p><\/li><li data-start=\"1557\" data-end=\"1609\"><p data-start=\"1559\" data-end=\"1609\"><strong data-start=\"1559\" data-end=\"1584\">Contractual necessity<\/strong> (e.g., event bookings)<\/p><\/li><li data-start=\"1610\" data-end=\"1634\"><p data-start=\"1612\" data-end=\"1634\"><strong data-start=\"1612\" data-end=\"1632\">Legal obligation<\/strong><\/p><\/li><li data-start=\"1635\" data-end=\"1695\"><p data-start=\"1637\" data-end=\"1695\"><strong data-start=\"1637\" data-end=\"1660\">Legitimate interest<\/strong> (e.g., improving site performance)<\/p><\/li><\/ul><hr data-start=\"1697\" data-end=\"1700\" \/><h3 data-start=\"1702\" data-end=\"1731\">5. Sharing of Information<\/h3><p data-start=\"1733\" data-end=\"1940\">We do <strong data-start=\"1739\" data-end=\"1746\">not<\/strong> sell or trade your personal information. We may share data with trusted service providers (e.g., hosting or analytics platforms) who process data on our behalf under confidentiality agreements.<\/p><hr data-start=\"1942\" data-end=\"1945\" \/><h3 data-start=\"1947\" data-end=\"1973\">6. Cookies &amp; Analytics<\/h3><p data-start=\"1975\" data-end=\"2084\">We use cookies to enhance your browsing experience and gather anonymized statistics (e.g., Google Analytics).<\/p><p data-start=\"2086\" data-end=\"2214\">You can manage cookie preferences in your browser settings. By continuing to use our website, you consent to our use of cookies.<\/p><hr data-start=\"2216\" data-end=\"2219\" \/><h3 data-start=\"2221\" data-end=\"2251\">7. Data Storage &amp; Security<\/h3><p data-start=\"2253\" data-end=\"2382\">We take appropriate technical and organizational measures to protect your data. However, no internet transmission is 100% secure.<\/p><hr data-start=\"2384\" data-end=\"2387\" \/><h3 data-start=\"2389\" data-end=\"2414\">8. Your Rights (GDPR)<\/h3><p data-start=\"2416\" data-end=\"2468\">If you are located in the EU, you have the right to:<\/p><ul data-start=\"2469\" data-end=\"2679\"><li data-start=\"2469\" data-end=\"2498\"><p data-start=\"2471\" data-end=\"2498\">Access your personal data<\/p><\/li><li data-start=\"2499\" data-end=\"2526\"><p data-start=\"2501\" data-end=\"2526\">Correct inaccurate data<\/p><\/li><li data-start=\"2527\" data-end=\"2552\"><p data-start=\"2529\" data-end=\"2552\">Request data deletion<\/p><\/li><li data-start=\"2553\" data-end=\"2585\"><p data-start=\"2555\" data-end=\"2585\">Withdraw consent at any time<\/p><\/li><li data-start=\"2586\" data-end=\"2679\"><p data-start=\"2588\" data-end=\"2679\">Lodge a complaint with a supervisory authority (e.g., <strong data-start=\"2642\" data-end=\"2668\">Datu valsts inspekcija<\/strong> in Latvia)<\/p><\/li><\/ul><p data-start=\"2681\" data-end=\"2760\">To exercise any of these rights, contact us at <strong data-start=\"2728\" data-end=\"2759\"><a class=\"cursor-pointer\" rel=\"noopener\" data-start=\"2730\" data-end=\"2757\">edzus.iluzionists@gmail.com<\/a><\/strong>.<\/p><hr data-start=\"2762\" data-end=\"2765\" \/><h3 data-start=\"2767\" data-end=\"2788\">9. Data Retention<\/h3><p data-start=\"2790\" data-end=\"2911\">We retain personal information only as long as necessary for the purposes described in this policy or as required by law.<\/p><hr data-start=\"2913\" data-end=\"2916\" \/><h3 data-start=\"2918\" data-end=\"2948\">10. Changes to This Policy<\/h3><p data-start=\"2950\" data-end=\"3066\">We may update this Privacy Policy occasionally. Updates will be posted on this page with a revised &#8220;Effective Date.&#8221;<\/p><hr data-start=\"3068\" data-end=\"3071\" \/><h3 data-start=\"3073\" data-end=\"3091\">11. Contact Us<\/h3><p data-start=\"3093\" data-end=\"3157\">If you have questions about this Privacy Policy, please contact:<\/p><p data-start=\"3159\" data-end=\"3271\"><strong data-start=\"3159\" data-end=\"3180\">Edzus Iluzionists<\/strong><br data-start=\"3180\" data-end=\"3183\" \/>\ud83d\udce7 <strong data-start=\"3186\" data-end=\"3217\"><a class=\"cursor-pointer\" rel=\"noopener\" data-start=\"3188\" data-end=\"3215\">edzus.iluzionists@gmail.com<\/a><\/strong><br data-start=\"3217\" data-end=\"3220\" \/>\ud83d\udccd M\u0101lkalnes prospekts 9 &#8211; 22, Ogre, LV5001, Latvia<\/p>\t\t\t\t\t<\/div>\n\t\t\t\t\t\t<\/div>\n\t\t\t\t<\/div>\n\t\t\t\t\t\t<\/div>\n\t\t\t\t\t<\/div>\n\t\t<\/div>\n\t\t\t\t\t\t\t\t<\/div>\n\t\t\t\t\t<\/div>\n\t\t<\/section>\n\t\t\t\t\t\t<\/div>\n\t\t\t\t\t\t<\/div>\n\t\t\t\t\t<\/div>\n\t\t","protected":false},"excerpt":{"rendered":"<p>Privacy Policy Effective Date: [19.06.2025.] Welcome to https:\/\/www.iluzionisti.lv (\u201cwe,\u201d \u201cus,\u201d or \u201cour\u201d). Your privacy is important to us. This Privacy Policy explains how we collect, use, and protect your personal information when you visit our website. By using this site, you agree to the terms of this policy. If you do not agree, please do [&hellip;]<\/p>\n","protected":false},"author":1,"featured_media":0,"parent":0,"menu_order":0,"comment_status":"closed","ping_status":"closed","template":"","meta":{"jetpack_post_was_ever_published":false},"jetpack_sharing_enabled":true,"jetpack_shortlink":"https:\/\/wp.me\/Pacpai-sY","jetpack-related-posts":[{"id":1894,"url":"https:\/\/www.iluzionisti.lv\/en\/cookie-policy\/","url_meta":{"origin":1796,"position":0},"title":"Cookie Policy","date":"June 18, 2025","format":false,"excerpt":"Cookie Policy 1. What are cookies? A cookie is a small text file sent to your device during a website visit and can be accessed by the website when you return. It works as the website\u2019s \u201cmemory,\u201d allowing it to recognize your device next time. 2. Why do we use\u2026","rel":"","context":"Similar post","img":{"alt_text":"","src":"","width":0,"height":0},"classes":[]},{"id":815,"url":"https:\/\/www.iluzionisti.lv\/en\/contact-us\/","url_meta":{"origin":1796,"position":1},"title":"Contact","date":"February 27, 2019","format":false,"excerpt":"Each event requires careful planning and preparation. We are ready to listen to your wishes and ideas and we will be happy to help you to create an event to remember! Contact Us Each event requires careful planning and preparation. We are ready to listen to your wishes and ideas\u2026","rel":"","context":"Similar post","img":{"alt_text":"","src":"","width":0,"height":0},"classes":[]},{"id":804,"url":"https:\/\/www.iluzionisti.lv\/en\/gallery\/","url_meta":{"origin":1796,"position":2},"title":"Gallery","date":"February 27, 2019","format":false,"excerpt":"Look at our magic through the camera lens. Gallery Look at our magic through the camera lens. New Year's event at \"J\u016bras v\u0101rti\" Previous Next Award Ceremony Previous Next Riga City Festival Previous Next Contact Us","rel":"","context":"Similar post","img":{"alt_text":"","src":"","width":0,"height":0},"classes":[]},{"id":791,"url":"https:\/\/www.iluzionisti.lv\/en\/shows\/","url_meta":{"origin":1796,"position":3},"title":"Shows","date":"February 27, 2019","format":false,"excerpt":"Magicians Ed\u017eus is ready to amaze you at corporate events, holiday and birthday parties, weddings, trade shows, conferences or any other event that is important to you. Book Show Magicians Ed\u017eus is ready to amaze you at corporate events, holiday and birthday parties, weddings, trade shows, conferences or any other\u2026","rel":"","context":"Similar post","img":{"alt_text":"","src":"","width":0,"height":0},"classes":[]},{"id":775,"url":"https:\/\/www.iluzionisti.lv\/en\/","url_meta":{"origin":1796,"position":4},"title":"Home","date":"February 27, 2019","format":false,"excerpt":"Ed\u017eus started learning magic when he was a child and then he realized that he loves it. Later he met his future wife at the theater lessons and together they realized that they can make any event special. Book Now Magicians Ed\u017eus started learning magic when he was a child\u2026","rel":"","context":"Similar post","img":{"alt_text":"","src":"https:\/\/i0.wp.com\/www.iluzionisti.lv\/wp-content\/uploads\/2025\/06\/eka-logo-soc-tikliem.jpg?resize=350%2C200&ssl=1","width":350,"height":200},"classes":[]},{"id":1126,"url":"https:\/\/www.iluzionisti.lv\/blogs-2\/","url_meta":{"origin":1796,"position":5},"title":"Blogs-old","date":"February 25, 2022","format":false,"excerpt":"Iluzionists ir gatavs J\u016bs p\u0101rsteigt korporat\u012bvos pas\u0101kumos, dzim\u0161anas dien\u0101s, k\u0101z\u0101s, b\u0113rnu ball\u012bt\u0113s, vai jebkur\u0101 cit\u0101 svar\u012bg\u0101 pas\u0101kum\u0101. blogs \u0160eit lasi da\u017e\u0101dus rakstus par to, k\u0101 izv\u0113l\u0113ties iluzionistu, cik maks\u0101 iluzionista priek\u0161nesumi un daudz ko citu. raksti cik maks\u0101 iluzionists? Cik maks\u0101 iluzionista pakalpojumi? Un k\u0101p\u0113c publiski nav atrodama to cena?\u2026","rel":"","context":"Similar post","img":{"alt_text":"","src":"","width":0,"height":0},"classes":[]}],"_links":{"self":[{"href":"https:\/\/www.iluzionisti.lv\/en\/wp-json\/wp\/v2\/pages\/1796"}],"collection":[{"href":"https:\/\/www.iluzionisti.lv\/en\/wp-json\/wp\/v2\/pages"}],"about":[{"href":"https:\/\/www.iluzionisti.lv\/en\/wp-json\/wp\/v2\/types\/page"}],"author":[{"embeddable":true,"href":"https:\/\/www.iluzionisti.lv\/en\/wp-json\/wp\/v2\/users\/1"}],"replies":[{"embeddable":true,"href":"https:\/\/www.iluzionisti.lv\/en\/wp-json\/wp\/v2\/comments?post=1796"}],"version-history":[{"count":7,"href":"https:\/\/www.iluzionisti.lv\/en\/wp-json\/wp\/v2\/pages\/1796\/revisions"}],"predecessor-version":[{"id":1907,"href":"https:\/\/www.iluzionisti.lv\/en\/wp-json\/wp\/v2\/pages\/1796\/revisions\/1907"}],"wp:attachment":[{"href":"https:\/\/www.iluzionisti.lv\/en\/wp-json\/wp\/v2\/media?parent=1796"}],"curies":[{"name":"wp","href":"https:\/\/api.w.org\/{rel}","templated":true}]}}