{"id":1894,"date":"2025-06-18T14:57:35","date_gmt":"2025-06-18T12:57:35","guid":{"rendered":"https:\/\/www.iluzionisti.lv\/?page_id=1894"},"modified":"2025-06-18T14:59:08","modified_gmt":"2025-06-18T12:59:08","slug":"cookie-policy","status":"publish","type":"page","link":"https:\/\/www.iluzionisti.lv\/en\/cookie-policy\/","title":{"rendered":"Cookie Policy"},"content":{"rendered":"\t\t<div data-elementor-type=\"wp-page\" data-elementor-id=\"1894\" class=\"elementor elementor-1894\" data-elementor-settings=\"[]\">\n\t\t\t\t\t\t<div class=\"elementor-inner\">\n\t\t\t\t\t\t\t<div class=\"elementor-section-wrap\">\n\t\t\t\t\t\t\t<section class=\"elementor-section elementor-top-section elementor-element elementor-element-182c047 elementor-section-boxed elementor-section-height-default elementor-section-height-default\" data-id=\"182c047\" data-element_type=\"section\">\n\t\t\t\t\t\t<div class=\"elementor-container elementor-column-gap-default\">\n\t\t\t\t\t\t\t<div class=\"elementor-row\">\n\t\t\t\t\t<div class=\"elementor-column elementor-col-100 elementor-top-column elementor-element elementor-element-8c8c9f0\" data-id=\"8c8c9f0\" data-element_type=\"column\">\n\t\t\t<div class=\"elementor-column-wrap elementor-element-populated\">\n\t\t\t\t\t\t\t<div class=\"elementor-widget-wrap\">\n\t\t\t\t\t\t<div class=\"elementor-element elementor-element-40b49fa elementor-widget elementor-widget-heading\" data-id=\"40b49fa\" data-element_type=\"widget\" data-widget_type=\"heading.default\">\n\t\t\t\t<div class=\"elementor-widget-container\">\n\t\t\t<h2 class=\"elementor-heading-title elementor-size-default\">Cookie Policy<\/h2>\t\t<\/div>\n\t\t\t\t<\/div>\n\t\t\t\t\t\t<\/div>\n\t\t\t\t\t<\/div>\n\t\t<\/div>\n\t\t\t\t\t\t\t\t<\/div>\n\t\t\t\t\t<\/div>\n\t\t<\/section>\n\t\t\t\t<section class=\"elementor-section elementor-top-section elementor-element elementor-element-f06c507 elementor-section-boxed elementor-section-height-default elementor-section-height-default\" data-id=\"f06c507\" data-element_type=\"section\">\n\t\t\t\t\t\t<div class=\"elementor-container elementor-column-gap-default\">\n\t\t\t\t\t\t\t<div class=\"elementor-row\">\n\t\t\t\t\t<div class=\"elementor-column elementor-col-100 elementor-top-column elementor-element elementor-element-57b305c\" data-id=\"57b305c\" data-element_type=\"column\">\n\t\t\t<div class=\"elementor-column-wrap elementor-element-populated\">\n\t\t\t\t\t\t\t<div class=\"elementor-widget-wrap\">\n\t\t\t\t\t\t<div class=\"elementor-element elementor-element-aad1195 elementor-widget elementor-widget-text-editor\" data-id=\"aad1195\" data-element_type=\"widget\" data-widget_type=\"text-editor.default\">\n\t\t\t\t<div class=\"elementor-widget-container\">\n\t\t\t\t\t\t\t\t<div class=\"elementor-text-editor elementor-clearfix\">\n\t\t\t\t<h3 data-start=\"75\" data-end=\"105\"><strong data-start=\"79\" data-end=\"103\">1. What are cookies?<\/strong><\/h3>\n<p data-start=\"106\" data-end=\"322\">A cookie is a small text file sent to your device during a website visit and can be accessed by the website when you return. It works as the website\u2019s \u201cmemory,\u201d allowing it to recognize your device next time.<\/p>\n<h3 data-start=\"324\" data-end=\"359\"><strong data-start=\"328\" data-end=\"357\">2. Why do we use cookies?<\/strong><\/h3>\n<ul data-start=\"360\" data-end=\"668\">\n<li data-start=\"360\" data-end=\"482\">\n<p data-start=\"362\" data-end=\"482\"><strong data-start=\"362\" data-end=\"379\">Functionality<\/strong> \u2013 to ensure the basic operation of the website and improve user convenience (e.g., saving settings).<\/p>\n<\/li>\n<li data-start=\"483\" data-end=\"668\">\n<p data-start=\"485\" data-end=\"668\"><strong data-start=\"485\" data-end=\"499\">Statistics<\/strong> \u2013 to anonymously analyze visitor behavior (e.g., IP address, browser type, device type, and navigation paths), which helps optimize content accessibility and usability.<\/p>\n<\/li>\n<\/ul>\n<h3 data-start=\"670\" data-end=\"726\"><strong data-start=\"674\" data-end=\"724\">3. Why is information collected and processed?<\/strong><\/h3>\n<p data-start=\"727\" data-end=\"888\">Our technical partners use cookies to maintain website functionality and gather anonymous statistics. No personally identifiable information is collected.<\/p>\n<h3 data-start=\"890\" data-end=\"956\"><strong data-start=\"894\" data-end=\"954\">4. Are cookies used to transfer data outside the EU\/EEA?<\/strong><\/h3>\n<p data-start=\"957\" data-end=\"1033\">No \u2013 all cookie-related data is stored and processed only within the EU\/EEA.<\/p>\n<h3 data-start=\"1035\" data-end=\"1070\"><strong data-start=\"1039\" data-end=\"1068\">5. How to manage cookies?<\/strong><\/h3>\n<p data-start=\"1071\" data-end=\"1107\">In your browser settings, you can:<\/p>\n<ul data-start=\"1108\" data-end=\"1211\">\n<li data-start=\"1108\" data-end=\"1149\">\n<p data-start=\"1110\" data-end=\"1149\">Completely disable cookie acceptance,<\/p>\n<\/li>\n<li data-start=\"1150\" data-end=\"1179\">\n<p data-start=\"1152\" data-end=\"1179\">Limit the use of cookies,<\/p>\n<\/li>\n<li data-start=\"1180\" data-end=\"1211\">\n<p data-start=\"1182\" data-end=\"1211\">Or delete existing cookies.<\/p>\n<\/li>\n<\/ul>\n<p data-start=\"1213\" data-end=\"1367\">Please note \u2013 such actions may limit the functionality of the website. More information is available at <a data-start=\"1317\" data-end=\"1366\" rel=\"noopener\" target=\"_new\" class=\"\" href=\"https:\/\/www.aboutcookies.org\/\">aboutcookies.org<\/a>.<\/p>\n<h3 data-start=\"1369\" data-end=\"1416\"><strong data-start=\"1373\" data-end=\"1414\">6. What types of cookies may be used?<\/strong><\/h3>\n<ul data-start=\"1417\" data-end=\"1632\">\n<li data-start=\"1417\" data-end=\"1474\">\n<p data-start=\"1419\" data-end=\"1474\"><strong data-start=\"1419\" data-end=\"1440\">Essential cookies<\/strong> (e.g., for session management);<\/p>\n<\/li>\n<li data-start=\"1475\" data-end=\"1547\">\n<p data-start=\"1477\" data-end=\"1547\"><strong data-start=\"1477\" data-end=\"1499\">Analytical cookies<\/strong> (to collect statistics about website visits);<\/p>\n<\/li>\n<li data-start=\"1548\" data-end=\"1632\">\n<p data-start=\"1550\" data-end=\"1632\"><strong data-start=\"1550\" data-end=\"1573\">Third-party cookies<\/strong> (e.g., from development tools, hosting services), if used.<\/p>\n<\/li>\n<\/ul>\n<h3 data-start=\"1634\" data-end=\"1676\"><strong data-start=\"1638\" data-end=\"1674\">7. Cookie consent and withdrawal<\/strong><\/h3>\n<p data-start=\"1677\" data-end=\"1858\">You can change or withdraw your consent to the use of cookies at any time via your browser settings. Changes take effect immediately, but may limit the functionality of the website.<\/p>\n<h3 data-start=\"1860\" data-end=\"1887\"><strong data-start=\"1864\" data-end=\"1885\">8. Policy updates<\/strong><\/h3>\n<p><\/p>\n<p data-start=\"1888\" data-end=\"2057\">This cookie policy may be reviewed and updated. Significant changes will be clearly highlighted and published on the website, along with the date of the updated version.<\/p>\t\t\t\t\t<\/div>\n\t\t\t\t\t\t<\/div>\n\t\t\t\t<\/div>\n\t\t\t\t\t\t<\/div>\n\t\t\t\t\t<\/div>\n\t\t<\/div>\n\t\t\t\t\t\t\t\t<\/div>\n\t\t\t\t\t<\/div>\n\t\t<\/section>\n\t\t\t\t\t\t<\/div>\n\t\t\t\t\t\t<\/div>\n\t\t\t\t\t<\/div>\n\t\t","protected":false},"excerpt":{"rendered":"<p>Cookie Policy 1. What are cookies? A cookie is a small text file sent to your device during a website visit and can be accessed by the website when you return. It works as the website\u2019s \u201cmemory,\u201d allowing it to recognize your device next time. 2. Why do we use cookies? Functionality \u2013 to ensure [&hellip;]<\/p>\n","protected":false},"author":1,"featured_media":0,"parent":0,"menu_order":0,"comment_status":"closed","ping_status":"closed","template":"","meta":{"jetpack_post_was_ever_published":false},"jetpack_sharing_enabled":true,"jetpack_shortlink":"https:\/\/wp.me\/Pacpai-uy","jetpack-related-posts":[{"id":1796,"url":"https:\/\/www.iluzionisti.lv\/en\/privacy-policy-2\/","url_meta":{"origin":1894,"position":0},"title":"Privacy Policy","date":"June 3, 2025","format":false,"excerpt":"Privacy PolicyEffective Date: [19.06.2025.]Welcome to https:\/\/www.iluzionisti.lv (\u201cwe,\u201d \u201cus,\u201d or \u201cour\u201d). Your privacy is important to us. This Privacy Policy explains how we collect, use, and protect your personal information when you visit our website.By using this site, you agree to the terms of this policy. If you do not agree,\u2026","rel":"","context":"Similar post","img":{"alt_text":"","src":"","width":0,"height":0},"classes":[]},{"id":1687,"url":"https:\/\/www.iluzionisti.lv\/en\/privacy-policy-2\/","url_meta":{"origin":1894,"position":1},"title":"Priv\u0101tuma politika","date":"June 3, 2025","format":false,"excerpt":"Priv\u0101tuma politikaSp\u0113k\u0101 no: [19.06.2025.]Laipni l\u016bdzam vietn\u0113 https:\/\/www.iluzionisti.lv (\u201cm\u0113s\u201d, \u201cm\u016bsu\u201d vai \u201cm\u016bs\u201d). J\u016bsu priv\u0101tums mums ir svar\u012bgs. \u0160\u012b priv\u0101tuma politika izskaidro, k\u0101 m\u0113s apkopojam, izmantojam un aizsarg\u0101jam j\u016bsu personas datus, kad apmekl\u0113jat m\u016bsu t\u012bmek\u013ca vietni.Izmantojot \u0161o vietni, j\u016bs piekr\u012btat \u0161\u012bs politikas noteikumiem. Ja nepiekr\u012btat, l\u016bdzu, neizmantojiet \u0161o vietni.1. Kas m\u0113s esamVietnes\u2026","rel":"","context":"Similar post","img":{"alt_text":"","src":"","width":0,"height":0},"classes":[]},{"id":791,"url":"https:\/\/www.iluzionisti.lv\/en\/shows\/","url_meta":{"origin":1894,"position":2},"title":"Shows","date":"February 27, 2019","format":false,"excerpt":"Magicians Ed\u017eus is ready to amaze you at corporate events, holiday and birthday parties, weddings, trade shows, conferences or any other event that is important to you. Book Show Magicians Ed\u017eus is ready to amaze you at corporate events, holiday and birthday parties, weddings, trade shows, conferences or any other\u2026","rel":"","context":"Similar post","img":{"alt_text":"","src":"","width":0,"height":0},"classes":[]}],"_links":{"self":[{"href":"https:\/\/www.iluzionisti.lv\/en\/wp-json\/wp\/v2\/pages\/1894"}],"collection":[{"href":"https:\/\/www.iluzionisti.lv\/en\/wp-json\/wp\/v2\/pages"}],"about":[{"href":"https:\/\/www.iluzionisti.lv\/en\/wp-json\/wp\/v2\/types\/page"}],"author":[{"embeddable":true,"href":"https:\/\/www.iluzionisti.lv\/en\/wp-json\/wp\/v2\/users\/1"}],"replies":[{"embeddable":true,"href":"https:\/\/www.iluzionisti.lv\/en\/wp-json\/wp\/v2\/comments?post=1894"}],"version-history":[{"count":4,"href":"https:\/\/www.iluzionisti.lv\/en\/wp-json\/wp\/v2\/pages\/1894\/revisions"}],"predecessor-version":[{"id":1898,"href":"https:\/\/www.iluzionisti.lv\/en\/wp-json\/wp\/v2\/pages\/1894\/revisions\/1898"}],"wp:attachment":[{"href":"https:\/\/www.iluzionisti.lv\/en\/wp-json\/wp\/v2\/media?parent=1894"}],"curies":[{"name":"wp","href":"https:\/\/api.w.org\/{rel}","templated":true}]}}